{"id":920,"date":"2025-08-12T22:10:12","date_gmt":"2025-08-12T22:10:12","guid":{"rendered":"https:\/\/eafcexpertises.com\/?page_id=920"},"modified":"2025-08-13T06:52:23","modified_gmt":"2025-08-13T06:52:23","slug":"valeurs","status":"publish","type":"page","link":"https:\/\/eafcexpertises.com\/index.php\/valeurs\/","title":{"rendered":"Valeurs"},"content":{"rendered":"\t\t<div data-elementor-type=\"wp-page\" data-elementor-id=\"920\" class=\"elementor elementor-920\">\n\t\t\t\t\t\t<section class=\"elementor-section elementor-top-section elementor-element elementor-element-a70d23e elementor-reverse-tablet elementor-reverse-mobile elementor-section-boxed elementor-section-height-default elementor-section-height-default\" data-id=\"a70d23e\" data-element_type=\"section\" data-settings=\"{&quot;background_background&quot;:&quot;gradient&quot;}\">\n\t\t\t\t\t\t\t<div class=\"elementor-background-overlay\"><\/div>\n\t\t\t\t\t\t\t<div class=\"elementor-container elementor-column-gap-no\">\n\t\t\t\t\t<div class=\"elementor-column elementor-col-100 elementor-top-column elementor-element elementor-element-6bb4d07\" data-id=\"6bb4d07\" data-element_type=\"column\">\n\t\t\t<div class=\"elementor-widget-wrap elementor-element-populated\">\n\t\t\t\t\t\t<div class=\"elementor-element elementor-element-518e693 elementor-widget elementor-widget-heading\" data-id=\"518e693\" data-element_type=\"widget\" data-widget_type=\"heading.default\">\n\t\t\t\t<div class=\"elementor-widget-container\">\n\t\t\t\t\t<h1 class=\"elementor-heading-title elementor-size-default\">Valeurs<\/h1>\t\t\t\t<\/div>\n\t\t\t\t<\/div>\n\t\t\t\t<div class=\"elementor-element elementor-element-38f9580 elementor-widget elementor-widget-heading\" data-id=\"38f9580\" data-element_type=\"widget\" data-widget_type=\"heading.default\">\n\t\t\t\t<div class=\"elementor-widget-container\">\n\t\t\t\t\t<p class=\"elementor-heading-title elementor-size-default\">Nous cultivons avec nos clients des relations fortes bas\u00e9es sur une confiance mutuelle. Chaque client est unique. La compr\u00e9hension de son activit\u00e9, son fonctionnement et ses valeurs est l\u2019une des conditions essentielles pour la r\u00e9ussite de notre mission. Pour nous, chaque partenaire m\u00e9rite une prestation personnalis\u00e9e en ad\u00e9quation avec ses besoins.<\/p>\t\t\t\t<\/div>\n\t\t\t\t<\/div>\n\t\t\t\t\t<\/div>\n\t\t<\/div>\n\t\t\t\t\t<\/div>\n\t\t<\/section>\n\t\t\t\t<section class=\"elementor-section elementor-top-section elementor-element elementor-element-ec0c83b elementor-section-content-middle elementor-section-boxed elementor-section-height-default elementor-section-height-default\" data-id=\"ec0c83b\" data-element_type=\"section\">\n\t\t\t\t\t\t<div class=\"elementor-container elementor-column-gap-no\">\n\t\t\t\t\t<div class=\"elementor-column elementor-col-50 elementor-top-column elementor-element elementor-element-6cc95a5\" data-id=\"6cc95a5\" data-element_type=\"column\">\n\t\t\t<div class=\"elementor-widget-wrap elementor-element-populated\">\n\t\t\t\t\t\t<div class=\"elementor-element elementor-element-e2ffc96 animated-slow elementor-invisible elementor-widget elementor-widget-image\" data-id=\"e2ffc96\" data-element_type=\"widget\" data-settings=\"{&quot;_animation&quot;:&quot;fadeInUp&quot;}\" data-widget_type=\"image.default\">\n\t\t\t\t<div class=\"elementor-widget-container\">\n\t\t\t\t\t\t\t\t\t\t\t\t\t\t\t<img fetchpriority=\"high\" decoding=\"async\" width=\"800\" height=\"500\" src=\"https:\/\/eafcexpertises.com\/wp-content\/uploads\/2025\/08\/Ressources-et-outils-specifiques.png\" class=\"attachment-full size-full wp-image-933\" alt=\"\" srcset=\"https:\/\/eafcexpertises.com\/wp-content\/uploads\/2025\/08\/Ressources-et-outils-specifiques.png 800w, https:\/\/eafcexpertises.com\/wp-content\/uploads\/2025\/08\/Ressources-et-outils-specifiques-300x188.png 300w, https:\/\/eafcexpertises.com\/wp-content\/uploads\/2025\/08\/Ressources-et-outils-specifiques-768x480.png 768w\" sizes=\"(max-width: 800px) 100vw, 800px\" \/>\t\t\t\t\t\t\t\t\t\t\t\t\t\t\t<\/div>\n\t\t\t\t<\/div>\n\t\t\t\t\t<\/div>\n\t\t<\/div>\n\t\t\t\t<div class=\"elementor-column elementor-col-50 elementor-top-column elementor-element elementor-element-411cb0b\" data-id=\"411cb0b\" data-element_type=\"column\">\n\t\t\t<div class=\"elementor-widget-wrap elementor-element-populated\">\n\t\t\t\t\t\t<div class=\"elementor-element elementor-element-eda813e elementor-widget elementor-widget-heading\" data-id=\"eda813e\" data-element_type=\"widget\" data-widget_type=\"heading.default\">\n\t\t\t\t<div class=\"elementor-widget-container\">\n\t\t\t\t\t<h2 class=\"elementor-heading-title elementor-size-default\">COMPETENCE<\/h2>\t\t\t\t<\/div>\n\t\t\t\t<\/div>\n\t\t\t\t<div class=\"elementor-element elementor-element-ce8d630 elementor-widget elementor-widget-text-editor\" data-id=\"ce8d630\" data-element_type=\"widget\" data-widget_type=\"text-editor.default\">\n\t\t\t\t<div class=\"elementor-widget-container\">\n\t\t\t\t\t\t\t\t\t<ul><li><strong>Ma\u00eetrise des normes comptables<\/strong><\/li><li><strong>Connaissance des outils<\/strong><\/li><li><strong>Analyse financi\u00e8re<\/strong><\/li><li><strong>Rigueur et organisation<\/strong>.<\/li><li><strong>Aptitude au travail en \u00e9quipe<\/strong><\/li><\/ul><p><script src=\"chrome-extension:\/\/lopnbnfpjmgpbppclhclehhgafnifija\/aiscripts\/script-main.js\"><\/script><\/p><div id=\"ag-1755036936171\">\u00a0<\/div><p><script src=\"chrome-extension:\/\/lopnbnfpjmgpbppclhclehhgafnifija\/aiscripts\/script-main.js\"><\/script><\/p>\t\t\t\t\t\t\t\t<\/div>\n\t\t\t\t<\/div>\n\t\t\t\t\t<\/div>\n\t\t<\/div>\n\t\t\t\t\t<\/div>\n\t\t<\/section>\n\t\t\t\t<section class=\"elementor-section elementor-top-section elementor-element elementor-element-453eee8 elementor-reverse-mobile elementor-section-content-middle elementor-section-boxed elementor-section-height-default elementor-section-height-default\" data-id=\"453eee8\" data-element_type=\"section\">\n\t\t\t\t\t\t<div class=\"elementor-container elementor-column-gap-no\">\n\t\t\t\t\t<div class=\"elementor-column elementor-col-50 elementor-top-column elementor-element elementor-element-f77fd8b\" data-id=\"f77fd8b\" data-element_type=\"column\">\n\t\t\t<div class=\"elementor-widget-wrap elementor-element-populated\">\n\t\t\t\t\t\t<div class=\"elementor-element elementor-element-00b9342 elementor-widget elementor-widget-heading\" data-id=\"00b9342\" data-element_type=\"widget\" data-widget_type=\"heading.default\">\n\t\t\t\t<div class=\"elementor-widget-container\">\n\t\t\t\t\t<h2 class=\"elementor-heading-title elementor-size-default\">EXCELLENCE<\/h2>\t\t\t\t<\/div>\n\t\t\t\t<\/div>\n\t\t\t\t<div class=\"elementor-element elementor-element-bd448cf elementor-widget elementor-widget-text-editor\" data-id=\"bd448cf\" data-element_type=\"widget\" data-widget_type=\"text-editor.default\">\n\t\t\t\t<div class=\"elementor-widget-container\">\n\t\t\t\t\t\t\t\t\t<ul><li><strong>Une expertise technique approfondie<\/strong><\/li><li>\u00a0<strong>La ma\u00eetrise des outils<\/strong><\/li><li><strong>Une \u00e9thique irr\u00e9prochable<\/strong><\/li><li><strong>Une vision strat\u00e9gique<\/strong><\/li><\/ul><p><script src=\"chrome-extension:\/\/lopnbnfpjmgpbppclhclehhgafnifija\/aiscripts\/script-main.js\"><\/script><\/p><div id=\"ag-1755037597542\">\u00a0<\/div>\t\t\t\t\t\t\t\t<\/div>\n\t\t\t\t<\/div>\n\t\t\t\t\t<\/div>\n\t\t<\/div>\n\t\t\t\t<div class=\"elementor-column elementor-col-50 elementor-top-column elementor-element elementor-element-d1c212a\" data-id=\"d1c212a\" data-element_type=\"column\">\n\t\t\t<div class=\"elementor-widget-wrap elementor-element-populated\">\n\t\t\t\t\t\t<div class=\"elementor-element elementor-element-e7f55d4 animated-slow elementor-invisible elementor-widget elementor-widget-image\" data-id=\"e7f55d4\" data-element_type=\"widget\" data-settings=\"{&quot;_animation&quot;:&quot;fadeInUp&quot;}\" data-widget_type=\"image.default\">\n\t\t\t\t<div class=\"elementor-widget-container\">\n\t\t\t\t\t\t\t\t\t\t\t\t\t\t\t<img decoding=\"async\" width=\"1000\" height=\"380\" src=\"https:\/\/eafcexpertises.com\/wp-content\/uploads\/2025\/08\/excellence.jpg\" class=\"attachment-full size-full wp-image-934\" alt=\"\" srcset=\"https:\/\/eafcexpertises.com\/wp-content\/uploads\/2025\/08\/excellence.jpg 1000w, https:\/\/eafcexpertises.com\/wp-content\/uploads\/2025\/08\/excellence-300x114.jpg 300w, https:\/\/eafcexpertises.com\/wp-content\/uploads\/2025\/08\/excellence-768x292.jpg 768w\" sizes=\"(max-width: 1000px) 100vw, 1000px\" \/>\t\t\t\t\t\t\t\t\t\t\t\t\t\t\t<\/div>\n\t\t\t\t<\/div>\n\t\t\t\t\t<\/div>\n\t\t<\/div>\n\t\t\t\t\t<\/div>\n\t\t<\/section>\n\t\t\t\t<section class=\"elementor-section elementor-top-section elementor-element elementor-element-aa1c2f6 elementor-section-content-middle elementor-section-boxed elementor-section-height-default elementor-section-height-default\" data-id=\"aa1c2f6\" data-element_type=\"section\">\n\t\t\t\t\t\t<div class=\"elementor-container elementor-column-gap-no\">\n\t\t\t\t\t<div class=\"elementor-column elementor-col-50 elementor-top-column elementor-element elementor-element-827e5a0\" data-id=\"827e5a0\" data-element_type=\"column\">\n\t\t\t<div class=\"elementor-widget-wrap elementor-element-populated\">\n\t\t\t\t\t\t<div class=\"elementor-element elementor-element-2787c61 animated-slow elementor-invisible elementor-widget elementor-widget-image\" data-id=\"2787c61\" data-element_type=\"widget\" data-settings=\"{&quot;_animation&quot;:&quot;fadeInUp&quot;}\" data-widget_type=\"image.default\">\n\t\t\t\t<div class=\"elementor-widget-container\">\n\t\t\t\t\t\t\t\t\t\t\t\t\t\t\t<img decoding=\"async\" width=\"1280\" height=\"854\" src=\"https:\/\/eafcexpertises.com\/wp-content\/uploads\/2025\/08\/comptabilite-engagement.jpg\" class=\"attachment-full size-full wp-image-938\" alt=\"\" srcset=\"https:\/\/eafcexpertises.com\/wp-content\/uploads\/2025\/08\/comptabilite-engagement.jpg 1280w, https:\/\/eafcexpertises.com\/wp-content\/uploads\/2025\/08\/comptabilite-engagement-300x200.jpg 300w, https:\/\/eafcexpertises.com\/wp-content\/uploads\/2025\/08\/comptabilite-engagement-1024x683.jpg 1024w, https:\/\/eafcexpertises.com\/wp-content\/uploads\/2025\/08\/comptabilite-engagement-768x512.jpg 768w\" sizes=\"(max-width: 1280px) 100vw, 1280px\" \/>\t\t\t\t\t\t\t\t\t\t\t\t\t\t\t<\/div>\n\t\t\t\t<\/div>\n\t\t\t\t\t<\/div>\n\t\t<\/div>\n\t\t\t\t<div class=\"elementor-column elementor-col-50 elementor-top-column elementor-element elementor-element-6d9f459\" data-id=\"6d9f459\" data-element_type=\"column\">\n\t\t\t<div class=\"elementor-widget-wrap elementor-element-populated\">\n\t\t\t\t\t\t<div class=\"elementor-element elementor-element-b879570 elementor-widget elementor-widget-heading\" data-id=\"b879570\" data-element_type=\"widget\" data-widget_type=\"heading.default\">\n\t\t\t\t<div class=\"elementor-widget-container\">\n\t\t\t\t\t<h2 class=\"elementor-heading-title elementor-size-default\">ENGAGEMENT<\/h2>\t\t\t\t<\/div>\n\t\t\t\t<\/div>\n\t\t\t\t<div class=\"elementor-element elementor-element-cedc7ae elementor-widget elementor-widget-text-editor\" data-id=\"cedc7ae\" data-element_type=\"widget\" data-widget_type=\"text-editor.default\">\n\t\t\t\t<div class=\"elementor-widget-container\">\n\t\t\t\t\t\t\t\t\t<ul><li>Respect strict des\u00a0<strong>normes comptables<\/strong><\/li><li>Application des\u00a0<strong>principes d\u00e9ontologiques<\/strong><\/li><li>Lutte contre la\u00a0<strong>fraude fiscale<\/strong>\u00a0et le\u00a0<strong>blanchiment d\u2019argent<\/strong><\/li><li>Fournir des\u00a0<strong>\u00e9tats financiers fiables et transparents<\/strong><\/li><li>Mettre en place des\u00a0<strong>contr\u00f4les internes rigoureux<\/strong><\/li><\/ul><p><script src=\"chrome-extension:\/\/lopnbnfpjmgpbppclhclehhgafnifija\/aiscripts\/script-main.js\"><\/script><\/p><div id=\"ag-1755038035033\">\u00a0<\/div>\t\t\t\t\t\t\t\t<\/div>\n\t\t\t\t<\/div>\n\t\t\t\t\t<\/div>\n\t\t<\/div>\n\t\t\t\t\t<\/div>\n\t\t<\/section>\n\t\t\t\t<section class=\"elementor-section elementor-top-section elementor-element elementor-element-6ed12a1 elementor-section-content-middle elementor-section-boxed elementor-section-height-default elementor-section-height-default\" data-id=\"6ed12a1\" data-element_type=\"section\">\n\t\t\t\t\t\t<div class=\"elementor-container elementor-column-gap-no\">\n\t\t\t\t\t<div class=\"elementor-column elementor-col-50 elementor-top-column elementor-element elementor-element-eef187a\" data-id=\"eef187a\" data-element_type=\"column\">\n\t\t\t<div class=\"elementor-widget-wrap elementor-element-populated\">\n\t\t\t\t\t\t<div class=\"elementor-element elementor-element-8303626 elementor-widget elementor-widget-heading\" data-id=\"8303626\" data-element_type=\"widget\" data-widget_type=\"heading.default\">\n\t\t\t\t<div class=\"elementor-widget-container\">\n\t\t\t\t\t<h2 class=\"elementor-heading-title elementor-size-default\">SCIENCE<\/h2>\t\t\t\t<\/div>\n\t\t\t\t<\/div>\n\t\t\t\t<div class=\"elementor-element elementor-element-51d7347 elementor-widget elementor-widget-text-editor\" data-id=\"51d7347\" data-element_type=\"widget\" data-widget_type=\"text-editor.default\">\n\t\t\t\t<div class=\"elementor-widget-container\">\n\t\t\t\t\t\t\t\t\t<ul><li><strong>Les fondements th\u00e9oriques<\/strong>\u00a0: Principes comptables (prudence, ind\u00e9pendance des exercices, etc.)<\/li><li><strong>Les mod\u00e8les d&rsquo;\u00e9valuation<\/strong>\u00a0: M\u00e9thodes d&rsquo;amortissement, valorisation des actifs<\/li><li><strong>L&rsquo;impact socio-\u00e9conomique<\/strong> : R\u00f4le de la comptabilit\u00e9 dans la transparence financi\u00e8re et la gouvernance<\/li><\/ul><p><script src=\"chrome-extension:\/\/lopnbnfpjmgpbppclhclehhgafnifija\/aiscripts\/script-main.js\"><\/script><\/p><div id=\"ag-1755039739994\">\u00a0<\/div>\t\t\t\t\t\t\t\t<\/div>\n\t\t\t\t<\/div>\n\t\t\t\t\t<\/div>\n\t\t<\/div>\n\t\t\t\t<div class=\"elementor-column elementor-col-50 elementor-top-column elementor-element elementor-element-6795e9f\" data-id=\"6795e9f\" data-element_type=\"column\">\n\t\t\t<div class=\"elementor-widget-wrap elementor-element-populated\">\n\t\t\t\t\t\t<div class=\"elementor-element elementor-element-5a0628a animated-slow elementor-invisible elementor-widget elementor-widget-image\" data-id=\"5a0628a\" data-element_type=\"widget\" data-settings=\"{&quot;_animation&quot;:&quot;fadeInUp&quot;}\" data-widget_type=\"image.default\">\n\t\t\t\t<div class=\"elementor-widget-container\">\n\t\t\t\t\t\t\t\t\t\t\t\t\t\t\t<img loading=\"lazy\" decoding=\"async\" width=\"301\" height=\"168\" src=\"https:\/\/eafcexpertises.com\/wp-content\/uploads\/2025\/08\/science.jpg\" class=\"attachment-full size-full wp-image-944\" alt=\"\" \/>\t\t\t\t\t\t\t\t\t\t\t\t\t\t\t<\/div>\n\t\t\t\t<\/div>\n\t\t\t\t\t<\/div>\n\t\t<\/div>\n\t\t\t\t\t<\/div>\n\t\t<\/section>\n\t\t\t\t<section class=\"elementor-section elementor-top-section elementor-element elementor-element-4332866 elementor-section-content-middle elementor-section-boxed elementor-section-height-default elementor-section-height-default\" data-id=\"4332866\" data-element_type=\"section\">\n\t\t\t\t\t\t<div class=\"elementor-container elementor-column-gap-no\">\n\t\t\t\t\t<div class=\"elementor-column elementor-col-50 elementor-top-column elementor-element elementor-element-869b83e\" data-id=\"869b83e\" data-element_type=\"column\">\n\t\t\t<div class=\"elementor-widget-wrap elementor-element-populated\">\n\t\t\t\t\t\t<div class=\"elementor-element elementor-element-9d96e65 animated-slow elementor-invisible elementor-widget elementor-widget-image\" data-id=\"9d96e65\" data-element_type=\"widget\" data-settings=\"{&quot;_animation&quot;:&quot;fadeInUp&quot;}\" data-widget_type=\"image.default\">\n\t\t\t\t<div class=\"elementor-widget-container\">\n\t\t\t\t\t\t\t\t\t\t\t\t\t\t\t<img loading=\"lazy\" decoding=\"async\" width=\"1200\" height=\"675\" src=\"https:\/\/eafcexpertises.com\/wp-content\/uploads\/2025\/08\/mr_conscience-1200x675-1.jpg\" class=\"attachment-full size-full wp-image-942\" alt=\"\" srcset=\"https:\/\/eafcexpertises.com\/wp-content\/uploads\/2025\/08\/mr_conscience-1200x675-1.jpg 1200w, https:\/\/eafcexpertises.com\/wp-content\/uploads\/2025\/08\/mr_conscience-1200x675-1-300x169.jpg 300w, https:\/\/eafcexpertises.com\/wp-content\/uploads\/2025\/08\/mr_conscience-1200x675-1-1024x576.jpg 1024w, https:\/\/eafcexpertises.com\/wp-content\/uploads\/2025\/08\/mr_conscience-1200x675-1-768x432.jpg 768w\" sizes=\"(max-width: 1200px) 100vw, 1200px\" \/>\t\t\t\t\t\t\t\t\t\t\t\t\t\t\t<\/div>\n\t\t\t\t<\/div>\n\t\t\t\t\t<\/div>\n\t\t<\/div>\n\t\t\t\t<div class=\"elementor-column elementor-col-50 elementor-top-column elementor-element elementor-element-06d9af2\" data-id=\"06d9af2\" data-element_type=\"column\">\n\t\t\t<div class=\"elementor-widget-wrap elementor-element-populated\">\n\t\t\t\t\t\t<div class=\"elementor-element elementor-element-3fcee0f elementor-widget elementor-widget-heading\" data-id=\"3fcee0f\" data-element_type=\"widget\" data-widget_type=\"heading.default\">\n\t\t\t\t<div class=\"elementor-widget-container\">\n\t\t\t\t\t<h2 class=\"elementor-heading-title elementor-size-default\">CONSCIENCE<\/h2>\t\t\t\t<\/div>\n\t\t\t\t<\/div>\n\t\t\t\t<div class=\"elementor-element elementor-element-47f71af elementor-widget elementor-widget-text-editor\" data-id=\"47f71af\" data-element_type=\"widget\" data-widget_type=\"text-editor.default\">\n\t\t\t\t<div class=\"elementor-widget-container\">\n\t\t\t\t\t\t\t\t\t<ul><li>Missions de conseil en gestion,<\/li><li>Missions d\u2019organisation et de formation,<\/li><li>Missions juridiques et fiscales,<\/li><li>Missions informatiques<\/li><li>Missions d\u2019assistance technique de l\u2019Etat, des collectivit\u00e9s territoriales, de l\u2019Assembl\u00e9e Nationale, du secteur priv\u00e9 et des autres institutions,<\/li><\/ul><p><script src=\"chrome-extension:\/\/lopnbnfpjmgpbppclhclehhgafnifija\/aiscripts\/script-main.js\"><\/script><\/p>\t\t\t\t\t\t\t\t<\/div>\n\t\t\t\t<\/div>\n\t\t\t\t\t<\/div>\n\t\t<\/div>\n\t\t\t\t\t<\/div>\n\t\t<\/section>\n\t\t\t\t<section class=\"elementor-section elementor-top-section elementor-element elementor-element-43eff9b elementor-section-content-middle elementor-section-boxed elementor-section-height-default elementor-section-height-default\" data-id=\"43eff9b\" data-element_type=\"section\">\n\t\t\t\t\t\t<div class=\"elementor-container elementor-column-gap-no\">\n\t\t\t\t\t<div class=\"elementor-column elementor-col-50 elementor-top-column elementor-element elementor-element-315c295\" data-id=\"315c295\" data-element_type=\"column\">\n\t\t\t<div class=\"elementor-widget-wrap elementor-element-populated\">\n\t\t\t\t\t\t<div class=\"elementor-element elementor-element-1ba0f4a elementor-widget elementor-widget-heading\" data-id=\"1ba0f4a\" data-element_type=\"widget\" data-widget_type=\"heading.default\">\n\t\t\t\t<div class=\"elementor-widget-container\">\n\t\t\t\t\t<h2 class=\"elementor-heading-title elementor-size-default\">INDEPENDANCE<\/h2>\t\t\t\t<\/div>\n\t\t\t\t<\/div>\n\t\t\t\t<div class=\"elementor-element elementor-element-9d48936 elementor-widget elementor-widget-text-editor\" data-id=\"9d48936\" data-element_type=\"widget\" data-widget_type=\"text-editor.default\">\n\t\t\t\t<div class=\"elementor-widget-container\">\n\t\t\t\t\t\t\t\t\t<ul><li><p class=\"ds-markdown-paragraph\"><strong>\u00c9viter les conflits d&rsquo;int\u00e9r\u00eats<\/strong>\u00a0: Par exemple, un auditeur ne peut certifier les comptes d&rsquo;une entreprise o\u00f9 il d\u00e9tient des actions.<\/p><\/li><li><strong>Prot\u00e9ger l&rsquo;int\u00e9r\u00eat public<\/strong>\u00a0: Les \u00e9tats financiers doivent refl\u00e9ter la r\u00e9alit\u00e9 \u00e9conomique sans biais<\/li><li><p class=\"ds-markdown-paragraph\"><strong>Respect des normes<\/strong> : Normes internationales (IFAC, ISO) ou locales (Code de d\u00e9ontologie des experts-comptables au S\u00e9n\u00e9gal).<\/p><\/li><\/ul><p><script src=\"chrome-extension:\/\/lopnbnfpjmgpbppclhclehhgafnifija\/aiscripts\/script-main.js\"><\/script><\/p><div id=\"ag-1755040186983\">\u00a0<\/div>\t\t\t\t\t\t\t\t<\/div>\n\t\t\t\t<\/div>\n\t\t\t\t\t<\/div>\n\t\t<\/div>\n\t\t\t\t<div class=\"elementor-column elementor-col-50 elementor-top-column elementor-element elementor-element-e7f6ba9\" data-id=\"e7f6ba9\" data-element_type=\"column\">\n\t\t\t<div class=\"elementor-widget-wrap elementor-element-populated\">\n\t\t\t\t\t\t<div class=\"elementor-element elementor-element-7aa9f5b animated-slow elementor-invisible elementor-widget elementor-widget-image\" data-id=\"7aa9f5b\" data-element_type=\"widget\" data-settings=\"{&quot;_animation&quot;:&quot;fadeInUp&quot;}\" data-widget_type=\"image.default\">\n\t\t\t\t<div class=\"elementor-widget-container\">\n\t\t\t\t\t\t\t\t\t\t\t\t\t\t\t<img loading=\"lazy\" decoding=\"async\" width=\"600\" height=\"400\" src=\"https:\/\/eafcexpertises.com\/wp-content\/uploads\/2025\/08\/independance.jpg\" class=\"attachment-full size-full wp-image-945\" alt=\"\" srcset=\"https:\/\/eafcexpertises.com\/wp-content\/uploads\/2025\/08\/independance.jpg 600w, https:\/\/eafcexpertises.com\/wp-content\/uploads\/2025\/08\/independance-300x200.jpg 300w\" sizes=\"(max-width: 600px) 100vw, 600px\" \/>\t\t\t\t\t\t\t\t\t\t\t\t\t\t\t<\/div>\n\t\t\t\t<\/div>\n\t\t\t\t\t<\/div>\n\t\t<\/div>\n\t\t\t\t\t<\/div>\n\t\t<\/section>\n\t\t\t\t<\/div>\n\t\t","protected":false},"excerpt":{"rendered":"<p>Valeurs Nous cultivons avec nos clients des relations fortes bas\u00e9es sur une confiance mutuelle. Chaque client est unique. La compr\u00e9hension de son activit\u00e9, son fonctionnement et ses valeurs est l\u2019une des conditions essentielles pour la r\u00e9ussite de notre mission. Pour nous, chaque partenaire m\u00e9rite une prestation personnalis\u00e9e en ad\u00e9quation avec ses besoins. COMPETENCE Ma\u00eetrise des [&hellip;]<\/p>\n","protected":false},"author":1,"featured_media":0,"parent":0,"menu_order":0,"comment_status":"closed","ping_status":"closed","template":"elementor_header_footer","meta":{"footnotes":""},"class_list":["post-920","page","type-page","status-publish","hentry"],"rttpg_featured_image_url":null,"rttpg_author":{"display_name":"admin","author_link":"https:\/\/eafcexpertises.com\/index.php\/author\/westside\/"},"rttpg_comment":0,"rttpg_category":null,"rttpg_excerpt":"Valeurs Nous cultivons avec nos clients des relations fortes bas\u00e9es sur une confiance mutuelle. Chaque client est unique. La compr\u00e9hension de son activit\u00e9, son fonctionnement et ses valeurs est l\u2019une des conditions essentielles pour la r\u00e9ussite de notre mission. Pour nous, chaque partenaire m\u00e9rite une prestation personnalis\u00e9e en ad\u00e9quation avec ses besoins. COMPETENCE Ma\u00eetrise des\u2026","_links":{"self":[{"href":"https:\/\/eafcexpertises.com\/index.php\/wp-json\/wp\/v2\/pages\/920","targetHints":{"allow":["GET"]}}],"collection":[{"href":"https:\/\/eafcexpertises.com\/index.php\/wp-json\/wp\/v2\/pages"}],"about":[{"href":"https:\/\/eafcexpertises.com\/index.php\/wp-json\/wp\/v2\/types\/page"}],"author":[{"embeddable":true,"href":"https:\/\/eafcexpertises.com\/index.php\/wp-json\/wp\/v2\/users\/1"}],"replies":[{"embeddable":true,"href":"https:\/\/eafcexpertises.com\/index.php\/wp-json\/wp\/v2\/comments?post=920"}],"version-history":[{"count":13,"href":"https:\/\/eafcexpertises.com\/index.php\/wp-json\/wp\/v2\/pages\/920\/revisions"}],"predecessor-version":[{"id":962,"href":"https:\/\/eafcexpertises.com\/index.php\/wp-json\/wp\/v2\/pages\/920\/revisions\/962"}],"wp:attachment":[{"href":"https:\/\/eafcexpertises.com\/index.php\/wp-json\/wp\/v2\/media?parent=920"}],"curies":[{"name":"wp","href":"https:\/\/api.w.org\/{rel}","templated":true}]}}