{"id":318,"date":"2025-07-01T23:56:17","date_gmt":"2025-07-01T23:56:17","guid":{"rendered":"https:\/\/eafcexpertises.com\/index.php\/penny-grow-services-2\/"},"modified":"2025-07-06T23:46:09","modified_gmt":"2025-07-06T23:46:09","slug":"missions","status":"publish","type":"page","link":"https:\/\/eafcexpertises.com\/index.php\/missions\/","title":{"rendered":"Missions"},"content":{"rendered":"\t\t<div data-elementor-type=\"wp-page\" data-elementor-id=\"318\" class=\"elementor elementor-318\">\n\t\t\t\t\t\t<section class=\"elementor-section elementor-top-section elementor-element elementor-element-a70d23e elementor-reverse-tablet elementor-reverse-mobile elementor-section-boxed elementor-section-height-default elementor-section-height-default\" data-id=\"a70d23e\" data-element_type=\"section\" data-settings=\"{&quot;background_background&quot;:&quot;gradient&quot;}\">\n\t\t\t\t\t\t\t<div class=\"elementor-background-overlay\"><\/div>\n\t\t\t\t\t\t\t<div class=\"elementor-container elementor-column-gap-no\">\n\t\t\t\t\t<div class=\"elementor-column elementor-col-100 elementor-top-column elementor-element elementor-element-6bb4d07\" data-id=\"6bb4d07\" data-element_type=\"column\">\n\t\t\t<div class=\"elementor-widget-wrap elementor-element-populated\">\n\t\t\t\t\t\t<div class=\"elementor-element elementor-element-518e693 elementor-widget elementor-widget-heading\" data-id=\"518e693\" data-element_type=\"widget\" data-widget_type=\"heading.default\">\n\t\t\t\t<div class=\"elementor-widget-container\">\n\t\t\t\t\t<h1 class=\"elementor-heading-title elementor-size-default\">Nos missions<\/h1>\t\t\t\t<\/div>\n\t\t\t\t<\/div>\n\t\t\t\t<div class=\"elementor-element elementor-element-38f9580 elementor-widget elementor-widget-heading\" data-id=\"38f9580\" data-element_type=\"widget\" data-widget_type=\"heading.default\">\n\t\t\t\t<div class=\"elementor-widget-container\">\n\t\t\t\t\t<p class=\"elementor-heading-title elementor-size-default\">EAFC accompagne depuis plus de 34 ans les acteurs \u00e9conomiques dans les missions \u00e0 forte valeur ajout\u00e9e.<\/p>\t\t\t\t<\/div>\n\t\t\t\t<\/div>\n\t\t\t\t\t<\/div>\n\t\t<\/div>\n\t\t\t\t\t<\/div>\n\t\t<\/section>\n\t\t\t\t<section class=\"elementor-section elementor-top-section elementor-element elementor-element-ec0c83b elementor-section-content-middle elementor-section-boxed elementor-section-height-default elementor-section-height-default\" data-id=\"ec0c83b\" data-element_type=\"section\">\n\t\t\t\t\t\t<div class=\"elementor-container elementor-column-gap-no\">\n\t\t\t\t\t<div class=\"elementor-column elementor-col-50 elementor-top-column elementor-element elementor-element-6cc95a5\" data-id=\"6cc95a5\" data-element_type=\"column\">\n\t\t\t<div class=\"elementor-widget-wrap elementor-element-populated\">\n\t\t\t\t\t\t<div class=\"elementor-element elementor-element-e2ffc96 animated-slow elementor-invisible elementor-widget elementor-widget-image\" data-id=\"e2ffc96\" data-element_type=\"widget\" data-settings=\"{&quot;_animation&quot;:&quot;fadeInUp&quot;}\" data-widget_type=\"image.default\">\n\t\t\t\t<div class=\"elementor-widget-container\">\n\t\t\t\t\t\t\t\t\t\t\t\t\t\t\t<img fetchpriority=\"high\" decoding=\"async\" width=\"1213\" height=\"627\" src=\"https:\/\/eafcexpertises.com\/wp-content\/uploads\/2025\/07\/aide-comptable1.jpg\" class=\"attachment-full size-full wp-image-391\" alt=\"\" srcset=\"https:\/\/eafcexpertises.com\/wp-content\/uploads\/2025\/07\/aide-comptable1.jpg 1213w, https:\/\/eafcexpertises.com\/wp-content\/uploads\/2025\/07\/aide-comptable1-300x155.jpg 300w, https:\/\/eafcexpertises.com\/wp-content\/uploads\/2025\/07\/aide-comptable1-1024x529.jpg 1024w, https:\/\/eafcexpertises.com\/wp-content\/uploads\/2025\/07\/aide-comptable1-768x397.jpg 768w\" sizes=\"(max-width: 1213px) 100vw, 1213px\" \/>\t\t\t\t\t\t\t\t\t\t\t\t\t\t\t<\/div>\n\t\t\t\t<\/div>\n\t\t\t\t\t<\/div>\n\t\t<\/div>\n\t\t\t\t<div class=\"elementor-column elementor-col-50 elementor-top-column elementor-element elementor-element-411cb0b\" data-id=\"411cb0b\" data-element_type=\"column\">\n\t\t\t<div class=\"elementor-widget-wrap elementor-element-populated\">\n\t\t\t\t\t\t<div class=\"elementor-element elementor-element-eda813e elementor-widget elementor-widget-heading\" data-id=\"eda813e\" data-element_type=\"widget\" data-widget_type=\"heading.default\">\n\t\t\t\t<div class=\"elementor-widget-container\">\n\t\t\t\t\t<h2 class=\"elementor-heading-title elementor-size-default\">MISSIONS D\u2019ORDRE COMPTABLE<\/h2>\t\t\t\t<\/div>\n\t\t\t\t<\/div>\n\t\t\t\t<div class=\"elementor-element elementor-element-ce8d630 elementor-widget elementor-widget-text-editor\" data-id=\"ce8d630\" data-element_type=\"widget\" data-widget_type=\"text-editor.default\">\n\t\t\t\t<div class=\"elementor-widget-container\">\n\t\t\t\t\t\t\t\t\t<ul><li>Missions de tenue de comptabilit\u00e9,<\/li><li>Missions d\u2019\u00e9tablissement des comptes annuels,<\/li><li>Missions de r\u00e9vision et d\u2019opinion sur les comptes.<\/li><li>Mission d\u2019expertise<\/li><\/ul>\t\t\t\t\t\t\t\t<\/div>\n\t\t\t\t<\/div>\n\t\t\t\t\t<\/div>\n\t\t<\/div>\n\t\t\t\t\t<\/div>\n\t\t<\/section>\n\t\t\t\t<section class=\"elementor-section elementor-top-section elementor-element elementor-element-453eee8 elementor-reverse-mobile elementor-section-content-middle elementor-section-boxed elementor-section-height-default elementor-section-height-default\" data-id=\"453eee8\" data-element_type=\"section\">\n\t\t\t\t\t\t<div class=\"elementor-container elementor-column-gap-no\">\n\t\t\t\t\t<div class=\"elementor-column elementor-col-50 elementor-top-column elementor-element elementor-element-f77fd8b\" data-id=\"f77fd8b\" data-element_type=\"column\">\n\t\t\t<div class=\"elementor-widget-wrap elementor-element-populated\">\n\t\t\t\t\t\t<div class=\"elementor-element elementor-element-00b9342 elementor-widget elementor-widget-heading\" data-id=\"00b9342\" data-element_type=\"widget\" data-widget_type=\"heading.default\">\n\t\t\t\t<div class=\"elementor-widget-container\">\n\t\t\t\t\t<h2 class=\"elementor-heading-title elementor-size-default\">confiance mutuelle<\/h2>\t\t\t\t<\/div>\n\t\t\t\t<\/div>\n\t\t\t\t<div class=\"elementor-element elementor-element-b9aba0b elementor-widget elementor-widget-heading\" data-id=\"b9aba0b\" data-element_type=\"widget\" data-widget_type=\"heading.default\">\n\t\t\t\t<div class=\"elementor-widget-container\">\n\t\t\t\t\t<p class=\"elementor-heading-title elementor-size-default\">Vous obtiendrez des donn\u00e9es et des \u00e9valuations d\u2019experts et de sp\u00e9cialistes pour vous aider \u00e0 \u00e9laborer de solides plans de confiance mutuelle.<\/p>\t\t\t\t<\/div>\n\t\t\t\t<\/div>\n\t\t\t\t<div class=\"elementor-element elementor-element-14d4715 elementor-widget elementor-widget-button\" data-id=\"14d4715\" data-element_type=\"widget\" data-widget_type=\"button.default\">\n\t\t\t\t<div class=\"elementor-widget-container\">\n\t\t\t\t\t\t\t\t\t<div class=\"elementor-button-wrapper\">\n\t\t\t\t\t<a class=\"elementor-button elementor-button-link elementor-size-md elementor-animation-shrink\" href=\"#\">\n\t\t\t\t\t\t<span class=\"elementor-button-content-wrapper\">\n\t\t\t\t\t\t\t\t\t<span class=\"elementor-button-text\">En savoir plus<\/span>\n\t\t\t\t\t<\/span>\n\t\t\t\t\t<\/a>\n\t\t\t\t<\/div>\n\t\t\t\t\t\t\t\t<\/div>\n\t\t\t\t<\/div>\n\t\t\t\t\t<\/div>\n\t\t<\/div>\n\t\t\t\t<div class=\"elementor-column elementor-col-50 elementor-top-column elementor-element elementor-element-d1c212a\" data-id=\"d1c212a\" data-element_type=\"column\">\n\t\t\t<div class=\"elementor-widget-wrap elementor-element-populated\">\n\t\t\t\t\t\t<div class=\"elementor-element elementor-element-e7f55d4 animated-slow elementor-invisible elementor-widget elementor-widget-image\" data-id=\"e7f55d4\" data-element_type=\"widget\" data-settings=\"{&quot;_animation&quot;:&quot;fadeInUp&quot;}\" data-widget_type=\"image.default\">\n\t\t\t\t<div class=\"elementor-widget-container\">\n\t\t\t\t\t\t\t\t\t\t\t\t\t\t\t<img decoding=\"async\" width=\"1000\" height=\"667\" src=\"https:\/\/eafcexpertises.com\/wp-content\/uploads\/2025\/06\/accord.jpeg\" class=\"attachment-full size-full wp-image-84\" alt=\"\" srcset=\"https:\/\/eafcexpertises.com\/wp-content\/uploads\/2025\/06\/accord.jpeg 1000w, https:\/\/eafcexpertises.com\/wp-content\/uploads\/2025\/06\/accord-300x200.jpeg 300w, https:\/\/eafcexpertises.com\/wp-content\/uploads\/2025\/06\/accord-768x512.jpeg 768w\" sizes=\"(max-width: 1000px) 100vw, 1000px\" \/>\t\t\t\t\t\t\t\t\t\t\t\t\t\t\t<\/div>\n\t\t\t\t<\/div>\n\t\t\t\t\t<\/div>\n\t\t<\/div>\n\t\t\t\t\t<\/div>\n\t\t<\/section>\n\t\t\t\t<section class=\"elementor-section elementor-top-section elementor-element elementor-element-aa1c2f6 elementor-section-content-middle elementor-section-boxed elementor-section-height-default elementor-section-height-default\" data-id=\"aa1c2f6\" data-element_type=\"section\">\n\t\t\t\t\t\t<div class=\"elementor-container elementor-column-gap-no\">\n\t\t\t\t\t<div class=\"elementor-column elementor-col-50 elementor-top-column elementor-element elementor-element-827e5a0\" data-id=\"827e5a0\" data-element_type=\"column\">\n\t\t\t<div class=\"elementor-widget-wrap elementor-element-populated\">\n\t\t\t\t\t\t<div class=\"elementor-element elementor-element-2787c61 animated-slow elementor-invisible elementor-widget elementor-widget-image\" data-id=\"2787c61\" data-element_type=\"widget\" data-settings=\"{&quot;_animation&quot;:&quot;fadeInUp&quot;}\" data-widget_type=\"image.default\">\n\t\t\t\t<div class=\"elementor-widget-container\">\n\t\t\t\t\t\t\t\t\t\t\t\t\t\t\t<img decoding=\"async\" width=\"1496\" height=\"684\" src=\"https:\/\/eafcexpertises.com\/wp-content\/uploads\/2025\/07\/audit.png\" class=\"attachment-full size-full wp-image-506\" alt=\"\" srcset=\"https:\/\/eafcexpertises.com\/wp-content\/uploads\/2025\/07\/audit.png 1496w, https:\/\/eafcexpertises.com\/wp-content\/uploads\/2025\/07\/audit-300x137.png 300w, https:\/\/eafcexpertises.com\/wp-content\/uploads\/2025\/07\/audit-1024x468.png 1024w, https:\/\/eafcexpertises.com\/wp-content\/uploads\/2025\/07\/audit-768x351.png 768w\" sizes=\"(max-width: 1496px) 100vw, 1496px\" \/>\t\t\t\t\t\t\t\t\t\t\t\t\t\t\t<\/div>\n\t\t\t\t<\/div>\n\t\t\t\t\t<\/div>\n\t\t<\/div>\n\t\t\t\t<div class=\"elementor-column elementor-col-50 elementor-top-column elementor-element elementor-element-6d9f459\" data-id=\"6d9f459\" data-element_type=\"column\">\n\t\t\t<div class=\"elementor-widget-wrap elementor-element-populated\">\n\t\t\t\t\t\t<div class=\"elementor-element elementor-element-b879570 elementor-widget elementor-widget-heading\" data-id=\"b879570\" data-element_type=\"widget\" data-widget_type=\"heading.default\">\n\t\t\t\t<div class=\"elementor-widget-container\">\n\t\t\t\t\t<h2 class=\"elementor-heading-title elementor-size-default\">MISSIONS D\u2019AUDIT<\/h2>\t\t\t\t<\/div>\n\t\t\t\t<\/div>\n\t\t\t\t<div class=\"elementor-element elementor-element-cedc7ae elementor-widget elementor-widget-text-editor\" data-id=\"cedc7ae\" data-element_type=\"widget\" data-widget_type=\"text-editor.default\">\n\t\t\t\t<div class=\"elementor-widget-container\">\n\t\t\t\t\t\t\t\t\t<ul><li>Missions d\u2019audit l\u00e9gal<\/li><li>Missions d\u2019audit contractuel<\/li><li>Missions de revue des march\u00e9s publics<\/li><\/ul>\t\t\t\t\t\t\t\t<\/div>\n\t\t\t\t<\/div>\n\t\t\t\t<div class=\"elementor-element elementor-element-7990ac8 elementor-widget elementor-widget-button\" data-id=\"7990ac8\" data-element_type=\"widget\" data-widget_type=\"button.default\">\n\t\t\t\t<div class=\"elementor-widget-container\">\n\t\t\t\t\t\t\t\t\t<div class=\"elementor-button-wrapper\">\n\t\t\t\t\t<a class=\"elementor-button elementor-button-link elementor-size-md elementor-animation-shrink\" href=\"#\">\n\t\t\t\t\t\t<span class=\"elementor-button-content-wrapper\">\n\t\t\t\t\t\t\t\t\t<span class=\"elementor-button-text\">en savoir plus<\/span>\n\t\t\t\t\t<\/span>\n\t\t\t\t\t<\/a>\n\t\t\t\t<\/div>\n\t\t\t\t\t\t\t\t<\/div>\n\t\t\t\t<\/div>\n\t\t\t\t\t<\/div>\n\t\t<\/div>\n\t\t\t\t\t<\/div>\n\t\t<\/section>\n\t\t\t\t<section class=\"elementor-section elementor-top-section elementor-element elementor-element-6ed12a1 elementor-section-content-middle elementor-section-boxed elementor-section-height-default elementor-section-height-default\" data-id=\"6ed12a1\" data-element_type=\"section\">\n\t\t\t\t\t\t<div class=\"elementor-container elementor-column-gap-no\">\n\t\t\t\t\t<div class=\"elementor-column elementor-col-50 elementor-top-column elementor-element elementor-element-eef187a\" data-id=\"eef187a\" data-element_type=\"column\">\n\t\t\t<div class=\"elementor-widget-wrap elementor-element-populated\">\n\t\t\t\t\t\t<div class=\"elementor-element elementor-element-8303626 elementor-widget elementor-widget-heading\" data-id=\"8303626\" data-element_type=\"widget\" data-widget_type=\"heading.default\">\n\t\t\t\t<div class=\"elementor-widget-container\">\n\t\t\t\t\t<h2 class=\"elementor-heading-title elementor-size-default\">AUTRES MISSIONS<\/h2>\t\t\t\t<\/div>\n\t\t\t\t<\/div>\n\t\t\t\t<div class=\"elementor-element elementor-element-51d7347 elementor-widget elementor-widget-text-editor\" data-id=\"51d7347\" data-element_type=\"widget\" data-widget_type=\"text-editor.default\">\n\t\t\t\t<div class=\"elementor-widget-container\">\n\t\t\t\t\t\t\t\t\t<ul><li>Missions de conseil en gestion,<\/li><li>Missions d\u2019organisation et de formation,<\/li><li>Missions juridiques et fiscales,<\/li><li>Missions informatiques<\/li><li>Missions d\u2019assistance technique de l\u2019Etat, des collectivit\u00e9s territoriales, de l\u2019Assembl\u00e9e Nationale, du secteur priv\u00e9 et des autres institutions,<\/li><\/ul>\t\t\t\t\t\t\t\t<\/div>\n\t\t\t\t<\/div>\n\t\t\t\t<div class=\"elementor-element elementor-element-3b3733d elementor-widget elementor-widget-button\" data-id=\"3b3733d\" data-element_type=\"widget\" data-widget_type=\"button.default\">\n\t\t\t\t<div class=\"elementor-widget-container\">\n\t\t\t\t\t\t\t\t\t<div class=\"elementor-button-wrapper\">\n\t\t\t\t\t<a class=\"elementor-button elementor-button-link elementor-size-md elementor-animation-shrink\" href=\"#\">\n\t\t\t\t\t\t<span class=\"elementor-button-content-wrapper\">\n\t\t\t\t\t\t\t\t\t<span class=\"elementor-button-text\">en savoir plus<\/span>\n\t\t\t\t\t<\/span>\n\t\t\t\t\t<\/a>\n\t\t\t\t<\/div>\n\t\t\t\t\t\t\t\t<\/div>\n\t\t\t\t<\/div>\n\t\t\t\t\t<\/div>\n\t\t<\/div>\n\t\t\t\t<div class=\"elementor-column elementor-col-50 elementor-top-column elementor-element elementor-element-6795e9f\" data-id=\"6795e9f\" data-element_type=\"column\">\n\t\t\t<div class=\"elementor-widget-wrap elementor-element-populated\">\n\t\t\t\t\t\t<div class=\"elementor-element elementor-element-5a0628a animated-slow elementor-invisible elementor-widget elementor-widget-image\" data-id=\"5a0628a\" data-element_type=\"widget\" data-settings=\"{&quot;_animation&quot;:&quot;fadeInUp&quot;}\" data-widget_type=\"image.default\">\n\t\t\t\t<div class=\"elementor-widget-container\">\n\t\t\t\t\t\t\t\t\t\t\t\t\t\t\t<img loading=\"lazy\" decoding=\"async\" width=\"1200\" height=\"630\" src=\"https:\/\/eafcexpertises.com\/wp-content\/uploads\/2025\/07\/mission.jpg\" class=\"attachment-full size-full wp-image-507\" alt=\"\" srcset=\"https:\/\/eafcexpertises.com\/wp-content\/uploads\/2025\/07\/mission.jpg 1200w, https:\/\/eafcexpertises.com\/wp-content\/uploads\/2025\/07\/mission-300x158.jpg 300w, https:\/\/eafcexpertises.com\/wp-content\/uploads\/2025\/07\/mission-1024x538.jpg 1024w, https:\/\/eafcexpertises.com\/wp-content\/uploads\/2025\/07\/mission-768x403.jpg 768w\" sizes=\"(max-width: 1200px) 100vw, 1200px\" \/>\t\t\t\t\t\t\t\t\t\t\t\t\t\t\t<\/div>\n\t\t\t\t<\/div>\n\t\t\t\t\t<\/div>\n\t\t<\/div>\n\t\t\t\t\t<\/div>\n\t\t<\/section>\n\t\t\t\t<\/div>\n\t\t","protected":false},"excerpt":{"rendered":"<p>Nos missions EAFC accompagne depuis plus de 34 ans les acteurs \u00e9conomiques dans les missions \u00e0 forte valeur ajout\u00e9e. MISSIONS D\u2019ORDRE COMPTABLE Missions de tenue de comptabilit\u00e9, Missions d\u2019\u00e9tablissement des comptes annuels, Missions de r\u00e9vision et d\u2019opinion sur les comptes. Mission d\u2019expertise confiance mutuelle Vous obtiendrez des donn\u00e9es et des \u00e9valuations d\u2019experts et de sp\u00e9cialistes [&hellip;]<\/p>\n","protected":false},"author":1,"featured_media":0,"parent":0,"menu_order":0,"comment_status":"closed","ping_status":"closed","template":"elementor_header_footer","meta":{"footnotes":""},"class_list":["post-318","page","type-page","status-publish","hentry"],"rttpg_featured_image_url":null,"rttpg_author":{"display_name":"admin","author_link":"https:\/\/eafcexpertises.com\/index.php\/author\/westside\/"},"rttpg_comment":0,"rttpg_category":null,"rttpg_excerpt":"Nos missions EAFC accompagne depuis plus de 34 ans les acteurs \u00e9conomiques dans les missions \u00e0 forte valeur ajout\u00e9e. MISSIONS D\u2019ORDRE COMPTABLE Missions de tenue de comptabilit\u00e9, Missions d\u2019\u00e9tablissement des comptes annuels, Missions de r\u00e9vision et d\u2019opinion sur les comptes. Mission d\u2019expertise confiance mutuelle Vous obtiendrez des donn\u00e9es et des \u00e9valuations d\u2019experts et de sp\u00e9cialistes\u2026","_links":{"self":[{"href":"https:\/\/eafcexpertises.com\/index.php\/wp-json\/wp\/v2\/pages\/318","targetHints":{"allow":["GET"]}}],"collection":[{"href":"https:\/\/eafcexpertises.com\/index.php\/wp-json\/wp\/v2\/pages"}],"about":[{"href":"https:\/\/eafcexpertises.com\/index.php\/wp-json\/wp\/v2\/types\/page"}],"author":[{"embeddable":true,"href":"https:\/\/eafcexpertises.com\/index.php\/wp-json\/wp\/v2\/users\/1"}],"replies":[{"embeddable":true,"href":"https:\/\/eafcexpertises.com\/index.php\/wp-json\/wp\/v2\/comments?post=318"}],"version-history":[{"count":17,"href":"https:\/\/eafcexpertises.com\/index.php\/wp-json\/wp\/v2\/pages\/318\/revisions"}],"predecessor-version":[{"id":586,"href":"https:\/\/eafcexpertises.com\/index.php\/wp-json\/wp\/v2\/pages\/318\/revisions\/586"}],"wp:attachment":[{"href":"https:\/\/eafcexpertises.com\/index.php\/wp-json\/wp\/v2\/media?parent=318"}],"curies":[{"name":"wp","href":"https:\/\/api.w.org\/{rel}","templated":true}]}}