{"id":315,"date":"2025-07-01T23:56:17","date_gmt":"2025-07-01T23:56:17","guid":{"rendered":"https:\/\/eafcexpertises.com\/index.php\/penny-grow-about-us-2\/"},"modified":"2026-02-20T17:31:38","modified_gmt":"2026-02-20T17:31:38","slug":"about-us","status":"publish","type":"page","link":"https:\/\/eafcexpertises.com\/index.php\/about-us\/","title":{"rendered":"About us"},"content":{"rendered":"\t\t<div data-elementor-type=\"wp-page\" data-elementor-id=\"315\" class=\"elementor elementor-315\">\n\t\t\t\t\t\t<section class=\"elementor-section elementor-top-section elementor-element elementor-element-6f56534 elementor-reverse-tablet elementor-reverse-mobile elementor-section-boxed elementor-section-height-default elementor-section-height-default\" data-id=\"6f56534\" data-element_type=\"section\" id=\"info_section\" data-settings=\"{&quot;background_background&quot;:&quot;gradient&quot;}\">\n\t\t\t\t\t\t\t<div class=\"elementor-background-overlay\"><\/div>\n\t\t\t\t\t\t\t<div class=\"elementor-container elementor-column-gap-no\">\n\t\t\t\t\t<div class=\"elementor-column elementor-col-100 elementor-top-column elementor-element elementor-element-3a0e1b1\" data-id=\"3a0e1b1\" data-element_type=\"column\">\n\t\t\t<div class=\"elementor-widget-wrap elementor-element-populated\">\n\t\t\t\t\t\t<div class=\"elementor-element elementor-element-b3543fc elementor-widget elementor-widget-heading\" data-id=\"b3543fc\" data-element_type=\"widget\" data-widget_type=\"heading.default\">\n\t\t\t\t<div class=\"elementor-widget-container\">\n\t\t\t\t\t<h1 class=\"elementor-heading-title elementor-size-default\">A propos de nous<\/h1>\t\t\t\t<\/div>\n\t\t\t\t<\/div>\n\t\t\t\t<div class=\"elementor-element elementor-element-16dfe67 elementor-tablet-align-center elementor-align-center elementor-widget elementor-widget-button\" data-id=\"16dfe67\" data-element_type=\"widget\" data-widget_type=\"button.default\">\n\t\t\t\t<div class=\"elementor-widget-container\">\n\t\t\t\t\t\t\t\t\t<div class=\"elementor-button-wrapper\">\n\t\t\t\t\t<a class=\"elementor-button elementor-button-link elementor-size-md elementor-animation-shrink\" href=\"#\">\n\t\t\t\t\t\t<span class=\"elementor-button-content-wrapper\">\n\t\t\t\t\t\t\t\t\t<span class=\"elementor-button-text\">Acceuil<\/span>\n\t\t\t\t\t<\/span>\n\t\t\t\t\t<\/a>\n\t\t\t\t<\/div>\n\t\t\t\t\t\t\t\t<\/div>\n\t\t\t\t<\/div>\n\t\t\t\t\t<\/div>\n\t\t<\/div>\n\t\t\t\t\t<\/div>\n\t\t<\/section>\n\t\t<div class=\"elementor-element elementor-element-f246093 e-flex e-con-boxed e-con e-parent\" data-id=\"f246093\" data-element_type=\"container\">\n\t\t\t\t\t<div class=\"e-con-inner\">\n\t\t\t\t<div class=\"elementor-element elementor-element-b43b125 elementor-widget elementor-widget-text-editor\" data-id=\"b43b125\" data-element_type=\"widget\" data-widget_type=\"text-editor.default\">\n\t\t\t\t<div class=\"elementor-widget-container\">\n\t\t\t\t\t\t\t\t\t<p>Le cabinet EAFC est une soci\u00e9t\u00e9 \u00e0 Responsabilit\u00e9 Limit\u00e9e cr\u00e9\u00e9e en 2007 et dirig\u00e9 par Monsieur Babacar DIAME, Expert-comptable inscrit \u00e0 l\u2019ordre des Experts-comptables et des Comptables Agr\u00e9\u00e9s (ONECCA) depuis 1991.<br \/>Le cabinet EAFC est n\u00e9 de la transformation du cabinet Babacar DIAME en Soci\u00e9t\u00e9 \u00e0 Responsabilit\u00e9 Limit\u00e9e.<br \/>Le cabinet Babacar DIAME (CBD) qui \u00e9tait constitu\u00e9 sous la forme d\u2019une entreprise individuelle depuis 1991, a \u00e9t\u00e9 transform\u00e9 en 2007 en une SARL pour faire face \u00e0 l\u2019\u00e9volution de la profession.<br \/>Le Cabinet EAFC est l\u2019un des acteurs majeurs de l\u2019audit et de l\u2019expertise comptable au S\u00e9n\u00e9gal gr\u00e2ce \u00e0 son exp\u00e9rience pluridisciplinaire.<br \/>Depuis plus de 34 ans notre cabinet accompagne les acteurs \u00e9conomiques dans leur gestion quotidienne en proposant un ensemble d\u2019outils et de mesures pratiques.<br \/>Le cabinet EAFC fournit une large gamme de services administratifs, juridiques, comptables, fiscaux, sociaux et de conseils \u00e0 forte valeur ajout\u00e9e aux entreprises.<\/p><p><script src=\"chrome-extension:\/\/lopnbnfpjmgpbppclhclehhgafnifija\/aiscripts\/script-main.js\"><\/script><\/p>\t\t\t\t\t\t\t\t<\/div>\n\t\t\t\t<\/div>\n\t\t<div class=\"elementor-element elementor-element-65d45c6 e-con-full e-flex e-con e-child\" data-id=\"65d45c6\" data-element_type=\"container\">\n\t\t\t\t<div class=\"elementor-element elementor-element-3e62e93 elementor-widget elementor-widget-image\" data-id=\"3e62e93\" data-element_type=\"widget\" data-widget_type=\"image.default\">\n\t\t\t\t<div class=\"elementor-widget-container\">\n\t\t\t\t\t\t\t\t\t\t\t\t\t\t\t<img fetchpriority=\"high\" decoding=\"async\" width=\"1080\" height=\"720\" src=\"https:\/\/eafcexpertises.com\/wp-content\/uploads\/2026\/02\/WhatsApp-Image-2026-02-20-at-15.52.13.jpeg\" class=\"attachment-1536x1536 size-1536x1536 wp-image-977\" alt=\"\" srcset=\"https:\/\/eafcexpertises.com\/wp-content\/uploads\/2026\/02\/WhatsApp-Image-2026-02-20-at-15.52.13.jpeg 1080w, https:\/\/eafcexpertises.com\/wp-content\/uploads\/2026\/02\/WhatsApp-Image-2026-02-20-at-15.52.13-300x200.jpeg 300w, https:\/\/eafcexpertises.com\/wp-content\/uploads\/2026\/02\/WhatsApp-Image-2026-02-20-at-15.52.13-1024x683.jpeg 1024w, https:\/\/eafcexpertises.com\/wp-content\/uploads\/2026\/02\/WhatsApp-Image-2026-02-20-at-15.52.13-768x512.jpeg 768w\" sizes=\"(max-width: 1080px) 100vw, 1080px\" \/>\t\t\t\t\t\t\t\t\t\t\t\t\t\t\t<\/div>\n\t\t\t\t<\/div>\n\t\t\t\t<\/div>\n\t\t\t\t\t<\/div>\n\t\t\t\t<\/div>\n\t\t<div class=\"elementor-element elementor-element-fba6f36 e-flex e-con-boxed e-con e-parent\" data-id=\"fba6f36\" data-element_type=\"container\">\n\t\t\t\t\t<div class=\"e-con-inner\">\n\t\t\t\t<div class=\"elementor-element elementor-element-d1fd33a elementor-widget elementor-widget-text-editor\" data-id=\"d1fd33a\" data-element_type=\"widget\" data-widget_type=\"text-editor.default\">\n\t\t\t\t<div class=\"elementor-widget-container\">\n\t\t\t\t\t\t\t\t\t<p>Monsieur Babacar Diam\u00e9, g\u00e9rant du cabinet EAFC est un Expert-comptable inscrit au tableau de l\u2019ordre national des Experts comptables et des comptables agr\u00e9\u00e9s (ONECCA) depuis 1991.<br \/>Il a successivement occup\u00e9 les fonctions suivantes au sein de l\u2019ONECCA et d\u2019autres institutions.<\/p><p><strong>1\/ CABINET BABACAR DIAME A TITRE INDIVIDUEL<\/strong><br \/>De 1991 \u00e0 2007 Monsieur Babacar Diam\u00e9 a \u00e9t\u00e9 le g\u00e9rant du cabinet \u00e0 titre individuel.<\/p><p><strong>2\/ CABINET D\u2019EXPERTISE COMPTABLE, D\u2019AUDIT, DE FORMATION ET DE COMMISSARIAT AUX COMPTES ( EAFC- SARL)<\/strong><br \/>Depuis 2007, Monsieur Babacar Diam\u00e9 est le G\u00e9rant du cabinet EAFC SARL<\/p><p><strong>3\/ ONECCA<\/strong><\/p><ul><li>Censeur de 2000 \u00e0 2007<\/li><li>\u00a0Membre de la commission du tableau de 2007 \u00e0 2009<\/li><li>\u00a0Pr\u00e9sident de la commission du tableau de 2009 \u00e0 2012<\/li><li>Pr\u00e9sident de la commission d\u00e9veloppement de 2013 \u00e0 2015<\/li><li>\u00a0Depuis 2016 Pr\u00e9sident d\u2019Honneur de la commission du d\u00e9veloppement.<\/li><\/ul><p><strong>4\/ MAIRE DE LA COMMUNE DE FOUNDIOUGNE<\/strong><br \/>De 2009 \u00e0 2022, Monsieur Babacar Diam\u00e9 a \u00e9t\u00e9 le Maire de la Commune de Foundiougne.<\/p><p><strong>5\/ ASSEMBLEE NATIONALE<\/strong><br \/>Monsieur Babacar Diam\u00e9 a \u00e9t\u00e9 D\u00e9put\u00e9 de 2012 \u00e0 2017.<br \/>Pendant toute cette p\u00e9riode, il a \u00e9t\u00e9 le Pr\u00e9sident de la Commission de l\u2019\u00e9conomie g\u00e9n\u00e9rale, des finances et de la coop\u00e9ration \u00e9conomique.<\/p><p><strong>6\/ CAISSE DES DEPOTS ET CONSIGNATIONS (CDC)<\/strong><br \/>De 2013 \u00e0 ce jour, Monsieur Babacar Diam\u00e9 est le Pr\u00e9sident de la Commission de surveillance de la Caisse des D\u00e9p\u00f4ts et consignations (CDC)<\/p><p><script src=\"chrome-extension:\/\/lopnbnfpjmgpbppclhclehhgafnifija\/aiscripts\/script-main.js\"><\/script><\/p><div id=\"ag-1751892534303\">\u00a0<\/div><p><script src=\"chrome-extension:\/\/lopnbnfpjmgpbppclhclehhgafnifija\/aiscripts\/script-main.js\"><\/script><\/p><p><script src=\"chrome-extension:\/\/lopnbnfpjmgpbppclhclehhgafnifija\/aiscripts\/script-main.js\"><\/script><\/p><p><script src=\"chrome-extension:\/\/lopnbnfpjmgpbppclhclehhgafnifija\/aiscripts\/script-main.js\"><\/script><\/p><p><script src=\"chrome-extension:\/\/lopnbnfpjmgpbppclhclehhgafnifija\/aiscripts\/script-main.js\"><\/script><\/p><p><script src=\"chrome-extension:\/\/lopnbnfpjmgpbppclhclehhgafnifija\/aiscripts\/script-main.js\"><\/script><\/p><p><script src=\"chrome-extension:\/\/lopnbnfpjmgpbppclhclehhgafnifija\/aiscripts\/script-main.js\"><\/script><\/p><p><script src=\"chrome-extension:\/\/lopnbnfpjmgpbppclhclehhgafnifija\/aiscripts\/script-main.js\"><\/script><\/p>\t\t\t\t\t\t\t\t<\/div>\n\t\t\t\t<\/div>\n\t\t\t\t\t<\/div>\n\t\t\t\t<\/div>\n\t\t\t\t<\/div>\n\t\t","protected":false},"excerpt":{"rendered":"<p>A propos de nous Acceuil Le cabinet EAFC est une soci\u00e9t\u00e9 \u00e0 Responsabilit\u00e9 Limit\u00e9e cr\u00e9\u00e9e en 2007 et dirig\u00e9 par Monsieur Babacar DIAME, Expert-comptable inscrit \u00e0 l\u2019ordre des Experts-comptables et des Comptables Agr\u00e9\u00e9s (ONECCA) depuis 1991.Le cabinet EAFC est n\u00e9 de la transformation du cabinet Babacar DIAME en Soci\u00e9t\u00e9 \u00e0 Responsabilit\u00e9 Limit\u00e9e.Le cabinet Babacar DIAME [&hellip;]<\/p>\n","protected":false},"author":1,"featured_media":0,"parent":0,"menu_order":0,"comment_status":"closed","ping_status":"closed","template":"elementor_header_footer","meta":{"footnotes":""},"class_list":["post-315","page","type-page","status-publish","hentry"],"rttpg_featured_image_url":null,"rttpg_author":{"display_name":"admin","author_link":"https:\/\/eafcexpertises.com\/index.php\/author\/westside\/"},"rttpg_comment":0,"rttpg_category":null,"rttpg_excerpt":"A propos de nous Acceuil Le cabinet EAFC est une soci\u00e9t\u00e9 \u00e0 Responsabilit\u00e9 Limit\u00e9e cr\u00e9\u00e9e en 2007 et dirig\u00e9 par Monsieur Babacar DIAME, Expert-comptable inscrit \u00e0 l\u2019ordre des Experts-comptables et des Comptables Agr\u00e9\u00e9s (ONECCA) depuis 1991.Le cabinet EAFC est n\u00e9 de la transformation du cabinet Babacar DIAME en Soci\u00e9t\u00e9 \u00e0 Responsabilit\u00e9 Limit\u00e9e.Le cabinet Babacar DIAME\u2026","_links":{"self":[{"href":"https:\/\/eafcexpertises.com\/index.php\/wp-json\/wp\/v2\/pages\/315","targetHints":{"allow":["GET"]}}],"collection":[{"href":"https:\/\/eafcexpertises.com\/index.php\/wp-json\/wp\/v2\/pages"}],"about":[{"href":"https:\/\/eafcexpertises.com\/index.php\/wp-json\/wp\/v2\/types\/page"}],"author":[{"embeddable":true,"href":"https:\/\/eafcexpertises.com\/index.php\/wp-json\/wp\/v2\/users\/1"}],"replies":[{"embeddable":true,"href":"https:\/\/eafcexpertises.com\/index.php\/wp-json\/wp\/v2\/comments?post=315"}],"version-history":[{"count":73,"href":"https:\/\/eafcexpertises.com\/index.php\/wp-json\/wp\/v2\/pages\/315\/revisions"}],"predecessor-version":[{"id":981,"href":"https:\/\/eafcexpertises.com\/index.php\/wp-json\/wp\/v2\/pages\/315\/revisions\/981"}],"wp:attachment":[{"href":"https:\/\/eafcexpertises.com\/index.php\/wp-json\/wp\/v2\/media?parent=315"}],"curies":[{"name":"wp","href":"https:\/\/api.w.org\/{rel}","templated":true}]}}